{"id":2,"date":"2024-07-15T14:52:28","date_gmt":"2024-07-15T12:52:28","guid":{"rendered":"https:\/\/cms.aeroporto.catania.it\/corporate\/?page_id=2"},"modified":"2026-02-11T12:25:25","modified_gmt":"2026-02-11T11:25:25","slug":"pagina-di-esempio","status":"publish","type":"page","link":"https:\/\/cms.aeroporto.catania.it\/corporate\/pagina-di-esempio\/","title":{"rendered":"Homepage"},"content":{"rendered":"\n\n<img src='https:\/\/cms.aeroporto.catania.it\/corporate\/wp-content\/uploads\/assets\/hero_carousel_classic.jpg' style='width:100%;height:auto'>\n\n\n\n<img src='https:\/\/cms.aeroporto.catania.it\/corporate\/wp-content\/uploads\/assets\/heading_and_copy_with_image.jpg' style='width:100%;height:auto'>\n\n\n\n<img src='https:\/\/cms.aeroporto.catania.it\/corporate\/wp-content\/uploads\/assets\/info_section.jpg' style='width:100%;height:auto'>\n\n\n\n\n\n\n\n","protected":false},"excerpt":{"rendered":"","protected":false},"author":1,"featured_media":0,"parent":0,"menu_order":0,"comment_status":"closed","ping_status":"open","template":"","meta":{"_acf_changed":false,"footnotes":""},"page-taxonomy":[],"page-tag":[],"class_list":["post-2","page","type-page","status-publish","hentry"],"acf":[],"yoast_head":"<!-- This site is optimized with the Yoast SEO plugin v20.13 - https:\/\/yoast.com\/wordpress\/plugins\/seo\/ -->\n<title>Homepage - SAC Corporate<\/title>\n<meta name=\"description\" content=\"Benvenuti nel sito corporate della societ\u00e0 SAC, Societ\u00e0 Aeroporto di Catania e Comiso. Informazioni, strutture e attivit\u00e0.\" \/>\n<meta name=\"robots\" content=\"index, follow, max-snippet:-1, max-image-preview:large, max-video-preview:-1\" \/>\n<link rel=\"canonical\" href=\"https:\/\/cms.aeroporto.catania.it\/corporate\/pagina-di-esempio\/\" \/>\n<meta property=\"og:locale\" content=\"it_IT\" \/>\n<meta property=\"og:type\" content=\"article\" \/>\n<meta property=\"og:title\" content=\"Homepage - SAC Corporate\" \/>\n<meta property=\"og:description\" content=\"Benvenuti nel sito corporate della societ\u00e0 SAC, Societ\u00e0 Aeroporto di Catania e Comiso. Informazioni, strutture e attivit\u00e0.\" \/>\n<meta property=\"og:url\" content=\"https:\/\/cms.aeroporto.catania.it\/corporate\/pagina-di-esempio\/\" \/>\n<meta property=\"og:site_name\" content=\"SAC Corporate\" \/>\n<meta property=\"article:modified_time\" content=\"2026-02-11T11:25:25+00:00\" \/>\n<meta name=\"twitter:card\" content=\"summary_large_image\" \/>\n<script type=\"application\/ld+json\" class=\"yoast-schema-graph\">{\"@context\":\"https:\/\/schema.org\",\"@graph\":[{\"@type\":\"WebPage\",\"@id\":\"https:\/\/cms.aeroporto.catania.it\/corporate\/pagina-di-esempio\/\",\"url\":\"https:\/\/cms.aeroporto.catania.it\/corporate\/pagina-di-esempio\/\",\"name\":\"Homepage - SAC Corporate\",\"isPartOf\":{\"@id\":\"https:\/\/cms.aeroporto.catania.it\/corporate\/#website\"},\"datePublished\":\"2024-07-15T12:52:28+00:00\",\"dateModified\":\"2026-02-11T11:25:25+00:00\",\"description\":\"Benvenuti nel sito corporate della societ\u00e0 SAC, Societ\u00e0 Aeroporto di Catania e Comiso. Informazioni, strutture e attivit\u00e0.\",\"inLanguage\":\"it-IT\",\"potentialAction\":[{\"@type\":\"ReadAction\",\"target\":[\"https:\/\/cms.aeroporto.catania.it\/corporate\/pagina-di-esempio\/\"]}]},{\"@type\":\"WebSite\",\"@id\":\"https:\/\/cms.aeroporto.catania.it\/corporate\/#website\",\"url\":\"https:\/\/cms.aeroporto.catania.it\/corporate\/\",\"name\":\"SAC Corporate\",\"description\":\"\",\"potentialAction\":[{\"@type\":\"SearchAction\",\"target\":{\"@type\":\"EntryPoint\",\"urlTemplate\":\"https:\/\/cms.aeroporto.catania.it\/corporate\/?s={search_term_string}\"},\"query-input\":\"required name=search_term_string\"}],\"inLanguage\":\"it-IT\"}]}<\/script>\n<!-- \/ Yoast SEO plugin. -->","yoast_head_json":{"title":"Homepage - SAC Corporate","description":"Benvenuti nel sito corporate della societ\u00e0 SAC, Societ\u00e0 Aeroporto di Catania e Comiso. Informazioni, strutture e attivit\u00e0.","robots":{"index":"index","follow":"follow","max-snippet":"max-snippet:-1","max-image-preview":"max-image-preview:large","max-video-preview":"max-video-preview:-1"},"canonical":"https:\/\/cms.aeroporto.catania.it\/corporate\/pagina-di-esempio\/","og_locale":"it_IT","og_type":"article","og_title":"Homepage - SAC Corporate","og_description":"Benvenuti nel sito corporate della societ\u00e0 SAC, Societ\u00e0 Aeroporto di Catania e Comiso. Informazioni, strutture e attivit\u00e0.","og_url":"https:\/\/cms.aeroporto.catania.it\/corporate\/pagina-di-esempio\/","og_site_name":"SAC Corporate","article_modified_time":"2026-02-11T11:25:25+00:00","twitter_card":"summary_large_image","schema":{"@context":"https:\/\/schema.org","@graph":[{"@type":"WebPage","@id":"https:\/\/cms.aeroporto.catania.it\/corporate\/pagina-di-esempio\/","url":"https:\/\/cms.aeroporto.catania.it\/corporate\/pagina-di-esempio\/","name":"Homepage - SAC Corporate","isPartOf":{"@id":"https:\/\/cms.aeroporto.catania.it\/corporate\/#website"},"datePublished":"2024-07-15T12:52:28+00:00","dateModified":"2026-02-11T11:25:25+00:00","description":"Benvenuti nel sito corporate della societ\u00e0 SAC, Societ\u00e0 Aeroporto di Catania e Comiso. Informazioni, strutture e attivit\u00e0.","inLanguage":"it-IT","potentialAction":[{"@type":"ReadAction","target":["https:\/\/cms.aeroporto.catania.it\/corporate\/pagina-di-esempio\/"]}]},{"@type":"WebSite","@id":"https:\/\/cms.aeroporto.catania.it\/corporate\/#website","url":"https:\/\/cms.aeroporto.catania.it\/corporate\/","name":"SAC Corporate","description":"","potentialAction":[{"@type":"SearchAction","target":{"@type":"EntryPoint","urlTemplate":"https:\/\/cms.aeroporto.catania.it\/corporate\/?s={search_term_string}"},"query-input":"required name=search_term_string"}],"inLanguage":"it-IT"}]}},"_links":{"self":[{"href":"https:\/\/cms.aeroporto.catania.it\/corporate\/wp-json\/wp\/v2\/pages\/2"}],"collection":[{"href":"https:\/\/cms.aeroporto.catania.it\/corporate\/wp-json\/wp\/v2\/pages"}],"about":[{"href":"https:\/\/cms.aeroporto.catania.it\/corporate\/wp-json\/wp\/v2\/types\/page"}],"author":[{"embeddable":true,"href":"https:\/\/cms.aeroporto.catania.it\/corporate\/wp-json\/wp\/v2\/users\/1"}],"replies":[{"embeddable":true,"href":"https:\/\/cms.aeroporto.catania.it\/corporate\/wp-json\/wp\/v2\/comments?post=2"}],"version-history":[{"count":78,"href":"https:\/\/cms.aeroporto.catania.it\/corporate\/wp-json\/wp\/v2\/pages\/2\/revisions"}],"predecessor-version":[{"id":2054,"href":"https:\/\/cms.aeroporto.catania.it\/corporate\/wp-json\/wp\/v2\/pages\/2\/revisions\/2054"}],"wp:attachment":[{"href":"https:\/\/cms.aeroporto.catania.it\/corporate\/wp-json\/wp\/v2\/media?parent=2"}],"wp:term":[{"taxonomy":"page-taxonomy","embeddable":true,"href":"https:\/\/cms.aeroporto.catania.it\/corporate\/wp-json\/wp\/v2\/page-taxonomy?post=2"},{"taxonomy":"page-tag","embeddable":true,"href":"https:\/\/cms.aeroporto.catania.it\/corporate\/wp-json\/wp\/v2\/page-tag?post=2"}],"curies":[{"name":"wp","href":"https:\/\/api.w.org\/{rel}","templated":true}]}}